{"id":5173,"date":"2014-10-31T05:41:12","date_gmt":"2014-10-31T04:41:12","guid":{"rendered":"https:\/\/colorgrading.es\/talent\/"},"modified":"2025-11-27T17:22:48","modified_gmt":"2025-11-27T16:22:48","slug":"talento","status":"publish","type":"page","link":"https:\/\/colorgrading.es\/es\/talento\/","title":{"rendered":"Talento"},"content":{"rendered":"<div  class=\"tatsu-fqoy1g4yl1bvqlyk tatsu-section    tatsu-clearfix\" data-title=\"\"  data-headerscheme=\"background--light\"><div class='tatsu-section-pad clearfix' data-padding='{\"d\":\"0px 0% 0px 0%\"}' data-padding-top='0px'><div class=\"tatsu-row-wrap  tatsu-row-full-width tatsu-row-has-one-half tatsu-row-has-two-cols tatsu-zero-margin tatsu-no-gutter tatsu-eq-cols  tatsu-clearfix tatsu-fqoy1g4yltjffm0\" ><div  class=\"tatsu-row \" ><div  class=\"tatsu-column  tatsu-column-no-bg tatsu-one-half tatsu-column-align-middle tatsu-column-image-none tatsu-column-effect-none  tatsu-fqoy1g4yu1a0lpq1\"  data-parallax-speed=\"0\" style=\"\"><div class=\"tatsu-column-inner \" ><div class=\"tatsu-column-pad-wrap\"><div class=\"tatsu-column-pad\" ><div  class=\"tatsu-module tatsu-text-block-wrap tatsu-fqoy1g4yugcghbge  \"><div class=\"tatsu-text-inner tatsu-align-center  clearfix\" ><style>.tatsu-fqoy1g4yugcghbge.tatsu-text-block-wrap .tatsu-text-inner{text-align: left;color: rgba(255,255,255,1) ;}.tatsu-fqoy1g4yugcghbge .tatsu-text-inner *{color: rgba(255,255,255,1) ;}<\/style>\n<p><span style=\"font-size: 14pt;\">Susana Muniain es la fundadora y colorista senior de 100% Color Grading.<\/span><\/p>\n<p><span style=\"font-size: 14pt;\">Trabaja en postproducci\u00f3n con Mistika desde 1997.<\/span><\/p>\n<p><span style=\"font-size: 14pt;\">Desde 2005 se especializa en etalonaje (con DaVinci Resolve y Mistika), tiene una amplia cartera de largometrajes que incluyen:<\/span><\/p>\n<p><span style=\"font-size: 14pt;\">\u00abSigue mi voz\u00bb (Amazon Prime, Cine), \u00abCustodia Repartida\u00bb (Disney+), \u00abCampeonex\u00bb (Cine), \u00abArmas de mujer\u00bb (original Peacook, HBO Max) \u00abHistorias lamentables\u00bb (Amazon Prime, Cine), \u00abUn d\u00eda perfecto\u00bb (TVE), \u00abEl hombre de la mil caras\u00bb (Netflix, Amazon Pime), etc<\/span><\/p>\n<\/div><\/div><div  class=\"tatsu-module tatsu-inline-text clearfix tatsu-SJovBekkF   \" ><style>.tatsu-SJovBekkF .tatsu-inline-text-inner{width: 100%;text-align: left;}.tatsu-SJovBekkF.tatsu-inline-text .tatsu-inline-text-inner *{text-transform : none;font-size : 20px;}@media only screen and (max-width: 767px) {.tatsu-SJovBekkF .tatsu-inline-text-inner{width: 100%;}}<\/style><div class=\"tatsu-inline-text-inner \">\n<p><a href=\"https:\/\/www.imdb.com\/name\/nm2523317\" target=\"_blank\" rel=\"noopener\"><span class=\"tatsu-inline-link-style3 \">IMDb<\/span><\/a><\/p>\n<\/div><\/div><\/div><\/div><div class = \"tatsu-column-bg-image-wrap\"><div class = \"tatsu-column-bg-image\" ><\/div><\/div><\/div><style>.tatsu-row > .tatsu-fqoy1g4yu1a0lpq1.tatsu-column{width: 50%;}.tatsu-fqoy1g4yu1a0lpq1.tatsu-column > .tatsu-column-inner > .tatsu-column-pad-wrap > .tatsu-column-pad{padding: 10% 20% 10% 10%;}.tatsu-fqoy1g4yu1a0lpq1.tatsu-column{margin: 25px 0px 0px 0px !important;}.tatsu-fqoy1g4yu1a0lpq1.tatsu-column > .tatsu-column-inner > .tatsu-column-overlay{mix-blend-mode: none;}.tatsu-fqoy1g4yu1a0lpq1 > .tatsu-column-inner > .tatsu-top-divider{z-index: 9999;}.tatsu-fqoy1g4yu1a0lpq1 > .tatsu-column-inner > .tatsu-bottom-divider{z-index: 9999;}.tatsu-fqoy1g4yu1a0lpq1 > .tatsu-column-inner > .tatsu-left-divider{z-index: 9999;}.tatsu-fqoy1g4yu1a0lpq1 > .tatsu-column-inner > .tatsu-right-divider{z-index: 9999;}@media only screen and (max-width: 767px) {.tatsu-row > .tatsu-fqoy1g4yu1a0lpq1.tatsu-column{width: 100%;}}<\/style><\/div><div  class=\"tatsu-column  tatsu-bg-overlay tatsu-one-half tatsu-column-align-middle tatsu-column-image-none tatsu-column-effect-none  tatsu-fqoy1g4ym4b2h6is\"  data-parallax-speed=\"0\" style=\"\"><div class=\"tatsu-column-inner \" ><div class=\"tatsu-column-pad-wrap\"><div class=\"tatsu-column-pad\" ><div  class=\"special-heading-wrap style2 oshine-module align-center tatsu-fqoy1g4ymm6pjvno  \" ><div class=\"special-heading\" ><h5 class=\"special-h-tag\" >Susana Muniain Aizcorbe<\/h5><\/div><style>.tatsu-fqoy1g4ymm6pjvno .special-h-tag{color: #af9f66 ;}.tatsu-fqoy1g4ymm6pjvno .special-heading{border-color: #af9f66; border-width: 3px;padding: 10px 20px 10px 20px;}<\/style><\/div><\/div><\/div><div class = \"tatsu-column-bg-image-wrap\"><div class = \"tatsu-column-bg-image\" ><\/div><\/div><div class=\"tatsu-overlay tatsu-column-overlay tatsu-animate-none\" ><\/div><\/div><style>.tatsu-row > .tatsu-fqoy1g4ym4b2h6is.tatsu-column{width: 50%;}.tatsu-fqoy1g4ym4b2h6is.tatsu-column > .tatsu-column-inner > .tatsu-column-bg-image-wrap > .tatsu-column-bg-image{background-image: url(https:\/\/colorgrading.es\/wp-content\/uploads\/2021\/09\/HLA_FOTOGRAMAS_0000_000109.jpg);background-repeat: no-repeat;background-attachment: scroll;background-position: center center;background-size: cover;}.tatsu-fqoy1g4ym4b2h6is.tatsu-column > .tatsu-column-inner > .tatsu-bg-blur{background-repeat: no-repeat;background-attachment: scroll;background-position: center center;background-size: cover;}.tatsu-fqoy1g4ym4b2h6is.tatsu-column > .tatsu-column-inner > .tatsu-column-pad-wrap > .tatsu-column-pad{padding: 10% 10% 10% 10%;}.tatsu-fqoy1g4ym4b2h6is.tatsu-column{margin: 25px 0px 0px 0px !important;}.tatsu-fqoy1g4ym4b2h6is.tatsu-column > .tatsu-column-inner > .tatsu-column-overlay{background: rgba(0,0,0,0.5);mix-blend-mode: normal;}.tatsu-fqoy1g4ym4b2h6is > .tatsu-column-inner > .tatsu-top-divider{z-index: 9999;}.tatsu-fqoy1g4ym4b2h6is > .tatsu-column-inner > .tatsu-bottom-divider{z-index: 9999;}.tatsu-fqoy1g4ym4b2h6is > .tatsu-column-inner > .tatsu-left-divider{z-index: 9999;}.tatsu-fqoy1g4ym4b2h6is > .tatsu-column-inner > .tatsu-right-divider{z-index: 9999;}@media only screen and (max-width: 767px) {.tatsu-row > .tatsu-fqoy1g4ym4b2h6is.tatsu-column{width: 100%;}.tatsu-fqoy1g4ym4b2h6is.tatsu-column > .tatsu-column-inner > .tatsu-column-bg-image-wrap > .tatsu-column-bg-image{background-position: top right;background-size: cover;}.tatsu-fqoy1g4ym4b2h6is.tatsu-column > .tatsu-column-inner > .tatsu-bg-blur{background-position: top right;background-size: cover;}}<\/style><\/div><\/div><\/div><\/div><div class=\"tatsu-section-background-wrap\"><div class = \"tatsu-section-background\" ><\/div><\/div><style>.tatsu-fqoy1g4yl1bvqlyk{border-width: 0px 0px px 0px;border-style: solid;}.tatsu-fqoy1g4yl1bvqlyk .tatsu-section-pad{padding: 0px 0% 0px 0%;}.tatsu-fqoy1g4yl1bvqlyk > .tatsu-bottom-divider{z-index: 9999;}.tatsu-fqoy1g4yl1bvqlyk > .tatsu-top-divider{z-index: 9999;}<\/style><\/div><div  class=\"tatsu-fqoy1g4yz428a4jw tatsu-section    tatsu-clearfix\" data-title=\"\"  data-headerscheme=\"background--light\"><div class='tatsu-section-pad clearfix' data-padding='{\"d\":\"0px 0% 0px 0%\"}' data-padding-top='0px'><\/div><div class=\"tatsu-section-background-wrap\"><div class = \"tatsu-section-background\" ><\/div><\/div><style>.tatsu-fqoy1g4yz428a4jw{border-width: 0px 0px px 0px;border-style: solid;}.tatsu-fqoy1g4yz428a4jw .tatsu-section-pad{padding: 0px 0% 0px 0%;}.tatsu-fqoy1g4yz428a4jw > .tatsu-bottom-divider{z-index: 9999;}.tatsu-fqoy1g4yz428a4jw > .tatsu-top-divider{z-index: 9999;}<\/style><\/div><div  class=\"tatsu-fqoy1g4zci1cpkzd tatsu-section    tatsu-clearfix\" data-title=\"\"  data-headerscheme=\"background--light\"><div class='tatsu-section-pad clearfix' data-padding='{\"d\":\"90px 0% 90px 0%\"}' data-padding-top='90px'><div class=\"tatsu-row-wrap  tatsu-wrap tatsu-row-one-col tatsu-row-has-one-cols tatsu-medium-gutter tatsu-reg-cols  tatsu-clearfix tatsu-fqoy1g4zcyapd5v8\" ><div  class=\"tatsu-row \" ><div  class=\"tatsu-column  tatsu-column-no-bg tatsu-one-col tatsu-column-image-none tatsu-column-effect-none  tatsu-fqoy1g4zd4av8puz\"  data-parallax-speed=\"0\" style=\"\"><div class=\"tatsu-column-inner \" ><div class=\"tatsu-column-pad-wrap\"><div class=\"tatsu-column-pad\" ><div  class=\"special-heading-wrap style2 oshine-module align-center tatsu-fqoy1g4zd93zzu2  \" ><div class=\"special-heading\" ><h4 class=\"special-h-tag\" >100% Color Grading<\/h4><\/div><style>.tatsu-fqoy1g4zd93zzu2 .special-h-tag{color: #af9f66 ;}.tatsu-fqoy1g4zd93zzu2 .special-heading{border-color: #af9f66; border-width: 3px;padding: 10px 30px 10px 30px;}<\/style><\/div><\/div><\/div><div class = \"tatsu-column-bg-image-wrap\"><div class = \"tatsu-column-bg-image\" ><\/div><\/div><\/div><style>.tatsu-row > .tatsu-fqoy1g4zd4av8puz.tatsu-column{width: 100%;}.tatsu-fqoy1g4zd4av8puz.tatsu-column > .tatsu-column-inner > .tatsu-column-overlay{mix-blend-mode: none;}.tatsu-fqoy1g4zd4av8puz > .tatsu-column-inner > .tatsu-top-divider{z-index: 9999;}.tatsu-fqoy1g4zd4av8puz > .tatsu-column-inner > .tatsu-bottom-divider{z-index: 9999;}.tatsu-fqoy1g4zd4av8puz > .tatsu-column-inner > .tatsu-left-divider{z-index: 9999;}.tatsu-fqoy1g4zd4av8puz > .tatsu-column-inner > .tatsu-right-divider{z-index: 9999;}<\/style><\/div><\/div><\/div><div class=\"tatsu-row-wrap  tatsu-wrap tatsu-row-one-col tatsu-row-has-one-cols tatsu-medium-gutter tatsu-reg-cols  tatsu-clearfix tatsu-ryxmsLe1kt\" ><div  class=\"tatsu-row \" ><div  class=\"tatsu-column  tatsu-bg-overlay tatsu-one-col tatsu-column-image-none tatsu-column-effect-none  tatsu-ryHjIlyJY\"  data-parallax-speed=\"0\" style=\"\"><div class=\"tatsu-column-inner \" ><div class=\"tatsu-column-pad-wrap\"><div class=\"tatsu-column-pad\" ><div  class=\"tatsu-module tatsu-text-block-wrap tatsu-SkQvQlyJt  \"><div class=\"tatsu-text-inner   clearfix\" ><style>.tatsu-SkQvQlyJt.tatsu-text-block-wrap .tatsu-text-inner{text-align: left;color: rgba(255,255,255,1) ;}.tatsu-SkQvQlyJt .tatsu-text-inner *{color: rgba(255,255,255,1) ;}<\/style>\n<p><span style=\"font-size: 14pt;\"><span style=\"color: #ffffff;\"><strong>100% Color Grading <\/strong><\/span><\/span><span style=\"font-size: 14pt;\">es un estudio independiente\u00a0 especializado en trabajos de etalonaje digital y masterizado para largoetrajes, series, documentales y comerciales o publicidad.<\/span><\/p>\n<p><span style=\"font-size: 14pt;\">Colabora preferentemente con el estudio Efectoscopio, creadores de efectos visuales .<br \/>As\u00ed mismo, podemos gestionar, con colaboradores profesionales y de confianza,\u00a0 todos los dem\u00e1s procesos, como la postproducci\u00f3n de sonido y la edici\u00f3n.<br \/><\/span><\/p>\n<p><span style=\"font-size: 14pt;\">Empezamos desde la preparaci\u00f3n de LUTs \u00a0para el rodaje, hasta el control de la calidad final y las entregas necesarias.<\/span><\/p>\n<p><span style=\"font-size: 14pt;\">Contamos con amplia experiencia en flujos de trabajo para Netflix, HBO, Amazon Prime, Peacock y Movistar Plus, entre otros. <br \/>Estamos ubicados en en centro de Madrid, pero ofrecemos servicio remoto en cualquier parte del mundo.<\/span><\/p>\n<p style=\"text-align: left;\"><span style=\"font-size: 14pt;\">Nos aseguramos de que su producci\u00f3n se realice con la m\u00e1xima calidad y eficiencia. Espa\u00f1a ofrece uno de los mayores incentivos fiscales de Europa, y actualmente podemos realizar los trabajos desde Navarra y Canarias.<\/span><\/p>\n<p style=\"text-align: left;\"><span style=\"font-size: 14pt;\">Nos adaptamos a sus necesidades y presupuestos porque amamos esta profesi\u00f3n.<\/span><\/p>\n<\/div><\/div><\/div><\/div><div class = \"tatsu-column-bg-image-wrap\"><div class = \"tatsu-column-bg-image\" ><\/div><\/div><div class=\"tatsu-overlay tatsu-column-overlay tatsu-animate-none\" ><\/div><\/div><style>.tatsu-row > .tatsu-ryHjIlyJY.tatsu-column{width: 100%;}.tatsu-ryHjIlyJY.tatsu-column > .tatsu-column-inner > .tatsu-column-overlay{mix-blend-mode: normal;}.tatsu-ryHjIlyJY > .tatsu-column-inner > .tatsu-top-divider{z-index: 9999;}.tatsu-ryHjIlyJY > .tatsu-column-inner > .tatsu-bottom-divider{z-index: 9999;}.tatsu-ryHjIlyJY > .tatsu-column-inner > .tatsu-left-divider{z-index: 9999;}.tatsu-ryHjIlyJY > .tatsu-column-inner > .tatsu-right-divider{z-index: 9999;}@media only screen and (max-width:1377px) {.tatsu-row > .tatsu-ryHjIlyJY.tatsu-column{width: 100%;}}@media only screen and (min-width:768px) and (max-width: 1024px) {.tatsu-row > .tatsu-ryHjIlyJY.tatsu-column{width: 100%;}}@media only screen and (max-width: 767px) {.tatsu-row > .tatsu-ryHjIlyJY.tatsu-column{width: 100%;}}<\/style><\/div><\/div><\/div><\/div><div class=\"tatsu-section-background-wrap\"><div class = \"tatsu-section-background\" ><\/div><\/div><style>.tatsu-fqoy1g4zci1cpkzd.tatsu-section{background-color: #161616;}.tatsu-fqoy1g4zci1cpkzd{border-width: 0px 0px px 0px;border-style: solid;}.tatsu-fqoy1g4zci1cpkzd .tatsu-section-pad{padding: 90px 0% 90px 0%;}.tatsu-fqoy1g4zci1cpkzd > .tatsu-bottom-divider{z-index: 9999;}.tatsu-fqoy1g4zci1cpkzd > .tatsu-top-divider{z-index: 9999;}<\/style><\/div>\n","protected":false},"excerpt":{"rendered":"<p><a href=\"https:\/\/colorgrading.es\/es\/talento\/\" class=\"more-link style1-button\">Read More<\/a><\/p>","protected":false},"author":2,"featured_media":0,"parent":0,"menu_order":0,"comment_status":"open","ping_status":"closed","template":"","meta":{"footnotes":""},"class_list":["post-5173","page","type-page","status-publish","hentry"],"yoast_head":"<!-- This site is optimized with the Yoast SEO plugin v27.4 - https:\/\/yoast.com\/product\/yoast-seo-wordpress\/ -->\n<title>Talento - 100% Color Grading<\/title>\n<meta name=\"robots\" content=\"index, follow, max-snippet:-1, max-image-preview:large, max-video-preview:-1\" \/>\n<link rel=\"canonical\" href=\"https:\/\/colorgrading.es\/es\/talento\/\" \/>\n<meta property=\"og:locale\" content=\"es_ES\" \/>\n<meta property=\"og:type\" content=\"article\" \/>\n<meta property=\"og:title\" content=\"Talento - 100% Color Grading\" \/>\n<meta property=\"og:url\" content=\"https:\/\/colorgrading.es\/es\/talento\/\" \/>\n<meta property=\"og:site_name\" content=\"100% Color Grading\" \/>\n<meta property=\"article:modified_time\" content=\"2025-11-27T16:22:48+00:00\" \/>\n<meta name=\"twitter:card\" content=\"summary_large_image\" \/>\n<meta name=\"twitter:label1\" content=\"Tiempo de lectura\" \/>\n\t<meta name=\"twitter:data1\" content=\"7 minutos\" \/>\n<script type=\"application\/ld+json\" class=\"yoast-schema-graph\">{\"@context\":\"https:\\\/\\\/schema.org\",\"@graph\":[{\"@type\":\"WebPage\",\"@id\":\"https:\\\/\\\/colorgrading.es\\\/es\\\/talento\\\/\",\"url\":\"https:\\\/\\\/colorgrading.es\\\/es\\\/talento\\\/\",\"name\":\"Talento - 100% Color Grading\",\"isPartOf\":{\"@id\":\"https:\\\/\\\/colorgrading.es\\\/#website\"},\"datePublished\":\"2014-10-31T04:41:12+00:00\",\"dateModified\":\"2025-11-27T16:22:48+00:00\",\"breadcrumb\":{\"@id\":\"https:\\\/\\\/colorgrading.es\\\/es\\\/talento\\\/#breadcrumb\"},\"inLanguage\":\"es\",\"potentialAction\":[{\"@type\":\"ReadAction\",\"target\":[\"https:\\\/\\\/colorgrading.es\\\/es\\\/talento\\\/\"]}]},{\"@type\":\"BreadcrumbList\",\"@id\":\"https:\\\/\\\/colorgrading.es\\\/es\\\/talento\\\/#breadcrumb\",\"itemListElement\":[{\"@type\":\"ListItem\",\"position\":1,\"name\":\"Portada\",\"item\":\"https:\\\/\\\/colorgrading.es\\\/es\\\/\"},{\"@type\":\"ListItem\",\"position\":2,\"name\":\"Talento\"}]},{\"@type\":\"WebSite\",\"@id\":\"https:\\\/\\\/colorgrading.es\\\/#website\",\"url\":\"https:\\\/\\\/colorgrading.es\\\/\",\"name\":\"100% Color Grading\",\"description\":\"Etalonaje profesional con solucion Mistika-SGO y Davinci Resolve\",\"publisher\":{\"@id\":\"https:\\\/\\\/colorgrading.es\\\/#organization\"},\"potentialAction\":[{\"@type\":\"SearchAction\",\"target\":{\"@type\":\"EntryPoint\",\"urlTemplate\":\"https:\\\/\\\/colorgrading.es\\\/?s={search_term_string}\"},\"query-input\":{\"@type\":\"PropertyValueSpecification\",\"valueRequired\":true,\"valueName\":\"search_term_string\"}}],\"inLanguage\":\"es\"},{\"@type\":\"Organization\",\"@id\":\"https:\\\/\\\/colorgrading.es\\\/#organization\",\"name\":\"ColorGrading.es\",\"url\":\"https:\\\/\\\/colorgrading.es\\\/\",\"logo\":{\"@type\":\"ImageObject\",\"inLanguage\":\"es\",\"@id\":\"https:\\\/\\\/colorgrading.es\\\/#\\\/schema\\\/logo\\\/image\\\/\",\"url\":\"https:\\\/\\\/colorgrading.es\\\/wp-content\\\/uploads\\\/2021\\\/07\\\/logo-colorgrading-n.png\",\"contentUrl\":\"https:\\\/\\\/colorgrading.es\\\/wp-content\\\/uploads\\\/2021\\\/07\\\/logo-colorgrading-n.png\",\"width\":280,\"height\":67,\"caption\":\"ColorGrading.es\"},\"image\":{\"@id\":\"https:\\\/\\\/colorgrading.es\\\/#\\\/schema\\\/logo\\\/image\\\/\"},\"sameAs\":[\"https:\\\/\\\/www.instagram.com\\\/100color\\\/\",\"https:\\\/\\\/www.linkedin.com\\\/company\\\/76876134\\\/admin\\\/\"]}]}<\/script>\n<!-- \/ Yoast SEO plugin. -->","yoast_head_json":{"title":"Talento - 100% Color Grading","robots":{"index":"index","follow":"follow","max-snippet":"max-snippet:-1","max-image-preview":"max-image-preview:large","max-video-preview":"max-video-preview:-1"},"canonical":"https:\/\/colorgrading.es\/es\/talento\/","og_locale":"es_ES","og_type":"article","og_title":"Talento - 100% Color Grading","og_url":"https:\/\/colorgrading.es\/es\/talento\/","og_site_name":"100% Color Grading","article_modified_time":"2025-11-27T16:22:48+00:00","twitter_card":"summary_large_image","twitter_misc":{"Tiempo de lectura":"7 minutos"},"schema":{"@context":"https:\/\/schema.org","@graph":[{"@type":"WebPage","@id":"https:\/\/colorgrading.es\/es\/talento\/","url":"https:\/\/colorgrading.es\/es\/talento\/","name":"Talento - 100% Color Grading","isPartOf":{"@id":"https:\/\/colorgrading.es\/#website"},"datePublished":"2014-10-31T04:41:12+00:00","dateModified":"2025-11-27T16:22:48+00:00","breadcrumb":{"@id":"https:\/\/colorgrading.es\/es\/talento\/#breadcrumb"},"inLanguage":"es","potentialAction":[{"@type":"ReadAction","target":["https:\/\/colorgrading.es\/es\/talento\/"]}]},{"@type":"BreadcrumbList","@id":"https:\/\/colorgrading.es\/es\/talento\/#breadcrumb","itemListElement":[{"@type":"ListItem","position":1,"name":"Portada","item":"https:\/\/colorgrading.es\/es\/"},{"@type":"ListItem","position":2,"name":"Talento"}]},{"@type":"WebSite","@id":"https:\/\/colorgrading.es\/#website","url":"https:\/\/colorgrading.es\/","name":"100% Color Grading","description":"Etalonaje profesional con solucion Mistika-SGO y Davinci Resolve","publisher":{"@id":"https:\/\/colorgrading.es\/#organization"},"potentialAction":[{"@type":"SearchAction","target":{"@type":"EntryPoint","urlTemplate":"https:\/\/colorgrading.es\/?s={search_term_string}"},"query-input":{"@type":"PropertyValueSpecification","valueRequired":true,"valueName":"search_term_string"}}],"inLanguage":"es"},{"@type":"Organization","@id":"https:\/\/colorgrading.es\/#organization","name":"ColorGrading.es","url":"https:\/\/colorgrading.es\/","logo":{"@type":"ImageObject","inLanguage":"es","@id":"https:\/\/colorgrading.es\/#\/schema\/logo\/image\/","url":"https:\/\/colorgrading.es\/wp-content\/uploads\/2021\/07\/logo-colorgrading-n.png","contentUrl":"https:\/\/colorgrading.es\/wp-content\/uploads\/2021\/07\/logo-colorgrading-n.png","width":280,"height":67,"caption":"ColorGrading.es"},"image":{"@id":"https:\/\/colorgrading.es\/#\/schema\/logo\/image\/"},"sameAs":["https:\/\/www.instagram.com\/100color\/","https:\/\/www.linkedin.com\/company\/76876134\/admin\/"]}]}},"_links":{"self":[{"href":"https:\/\/colorgrading.es\/es\/wp-json\/wp\/v2\/pages\/5173","targetHints":{"allow":["GET"]}}],"collection":[{"href":"https:\/\/colorgrading.es\/es\/wp-json\/wp\/v2\/pages"}],"about":[{"href":"https:\/\/colorgrading.es\/es\/wp-json\/wp\/v2\/types\/page"}],"author":[{"embeddable":true,"href":"https:\/\/colorgrading.es\/es\/wp-json\/wp\/v2\/users\/2"}],"replies":[{"embeddable":true,"href":"https:\/\/colorgrading.es\/es\/wp-json\/wp\/v2\/comments?post=5173"}],"version-history":[{"count":12,"href":"https:\/\/colorgrading.es\/es\/wp-json\/wp\/v2\/pages\/5173\/revisions"}],"predecessor-version":[{"id":5491,"href":"https:\/\/colorgrading.es\/es\/wp-json\/wp\/v2\/pages\/5173\/revisions\/5491"}],"wp:attachment":[{"href":"https:\/\/colorgrading.es\/es\/wp-json\/wp\/v2\/media?parent=5173"}],"curies":[{"name":"wp","href":"https:\/\/api.w.org\/{rel}","templated":true}]}}