{"id":5201,"date":"2014-11-04T04:23:45","date_gmt":"2014-11-04T03:23:45","guid":{"rendered":"https:\/\/colorgrading.es\/contact\/"},"modified":"2025-05-24T10:52:34","modified_gmt":"2025-05-24T08:52:34","slug":"contacto","status":"publish","type":"page","link":"https:\/\/colorgrading.es\/es\/contacto\/","title":{"rendered":"Contacto"},"content":{"rendered":"<div  class=\"tatsu-fqoy1iatkodwge1b tatsu-section    tatsu-clearfix\" data-title=\"\"  data-headerscheme=\"background--light\"><div class='tatsu-section-pad clearfix' data-padding='{\"d\":\"50px 0% 50px 0%\"}' data-padding-top='50px'><div class=\"tatsu-row-wrap  tatsu-wrap tatsu-row-one-col tatsu-row-has-one-cols tatsu-medium-gutter tatsu-reg-cols  tatsu-clearfix tatsu-fqoy1iatl87rdhr6\" ><div  class=\"tatsu-row \" ><div  class=\"tatsu-column  tatsu-column-no-bg tatsu-one-col tatsu-column-image-none tatsu-column-effect-none  tatsu-fqoy1iatle3jgdel\"  data-parallax-speed=\"0\" style=\"\"><div class=\"tatsu-column-inner \" ><div class=\"tatsu-column-pad-wrap\"><div class=\"tatsu-column-pad\" ><div  class=\"special-subtitle-wrap  tatsu-fqoy1iatoxzlhbf   tatsu-animate \" data-animation=\"fadeInLeftBig\"   ><div class=\"align-center\"><\/div><style>.tatsu-fqoy1iatoxzlhbf .special-subtitle{font-size: 24px;color: #af9f66 ;width: 100%;}.tatsu-fqoy1iatoxzlhbf.special-subtitle-wrap{margin-bottom: 30px;}@media only screen and (max-width: 767px) {.tatsu-fqoy1iatoxzlhbf .special-subtitle{font-size: 15px;}.tatsu-fqoy1iatoxzlhbf.special-subtitle-wrap{margin-bottom: 5px;}}<\/style><\/div><div  class=\"special-heading-wrap style1 oshine-module  tatsu-HJt0T3umt  \" ><div class=\"special-heading align-center\"><h3 class=\"special-h-tag\" >CONT\u00c1CTENOS<\/h3><div class=\"sub-title margin-bottom  special-subtitle\">\n<p><span style=\"font-size: 18pt;\">Nos encanta el color y nos entusiasma conocer tu proyecto. Si est\u00e1s empezando, tambi\u00e9n nos gustar\u00eda acompa\u00f1arte.<\/span><\/p>\n<\/div><div class=\"sep-with-icon-wrap margin-bottom\"><span class=\"sep-with-icon\" ><\/span><i class=\"sep-icon font-icon icon-icon_film\"><\/i><span class=\"sep-with-icon\" ><\/span><\/div><\/div><style>.tatsu-HJt0T3umt .sep-icon.oshine_diamond{background: #af9f66;}.tatsu-HJt0T3umt .sep-icon{color: #af9f66 ;}.tatsu-HJt0T3umt .sep-with-icon{height: 1px;width: 20px;background: #efefef;}<\/style><\/div><\/div><\/div><div class = \"tatsu-column-bg-image-wrap\"><div class = \"tatsu-column-bg-image\" ><\/div><\/div><\/div><style>.tatsu-row > .tatsu-fqoy1iatle3jgdel.tatsu-column{width: 100%;}.tatsu-fqoy1iatle3jgdel.tatsu-column > .tatsu-column-inner > .tatsu-column-overlay{mix-blend-mode: none;}.tatsu-fqoy1iatle3jgdel > .tatsu-column-inner > .tatsu-top-divider{z-index: 9999;}.tatsu-fqoy1iatle3jgdel > .tatsu-column-inner > .tatsu-bottom-divider{z-index: 9999;}.tatsu-fqoy1iatle3jgdel > .tatsu-column-inner > .tatsu-left-divider{z-index: 9999;}.tatsu-fqoy1iatle3jgdel > .tatsu-column-inner > .tatsu-right-divider{z-index: 9999;}<\/style><\/div><\/div><\/div><div class=\"tatsu-row-wrap  tatsu-wrap tatsu-row-has-one-half tatsu-row-has-three-cols tatsu-medium-gutter tatsu-reg-cols  tatsu-clearfix tatsu-fqoy1iats52psda1\" ><div  class=\"tatsu-row \" ><div  class=\"tatsu-column  tatsu-column-no-bg tatsu-one-fourth tatsu-column-image-none tatsu-column-effect-none  tatsu-fqoy1iatsdap3t64\"  data-parallax-speed=\"0\" style=\"\"><div class=\"tatsu-column-inner \" ><div class=\"tatsu-column-pad-wrap\"><div class=\"tatsu-column-pad\" ><div  class=\"tatsu-empty-space  tatsu-fqoy1iatsj49f5ei  \" ><style>.tatsu-fqoy1iatsj49f5ei.tatsu-empty-space{height: 1px;}<\/style><\/div><\/div><\/div><div class = \"tatsu-column-bg-image-wrap\"><div class = \"tatsu-column-bg-image\" ><\/div><\/div><\/div><style>.tatsu-row > .tatsu-fqoy1iatsdap3t64.tatsu-column{width: 25%;}.tatsu-fqoy1iatsdap3t64.tatsu-column > .tatsu-column-inner > .tatsu-column-overlay{mix-blend-mode: none;}.tatsu-fqoy1iatsdap3t64 > .tatsu-column-inner > .tatsu-top-divider{z-index: 9999;}.tatsu-fqoy1iatsdap3t64 > .tatsu-column-inner > .tatsu-bottom-divider{z-index: 9999;}.tatsu-fqoy1iatsdap3t64 > .tatsu-column-inner > .tatsu-left-divider{z-index: 9999;}.tatsu-fqoy1iatsdap3t64 > .tatsu-column-inner > .tatsu-right-divider{z-index: 9999;}@media only screen and (max-width: 767px) {.tatsu-row > .tatsu-fqoy1iatsdap3t64.tatsu-column{width: 100%;}}<\/style><\/div><div  class=\"tatsu-column  tatsu-column-no-bg tatsu-one-half tatsu-column-image-none tatsu-column-effect-none  tatsu-fqoy1iatus8wglu8\"  data-parallax-speed=\"0\" style=\"\"><div class=\"tatsu-column-inner \" ><div class=\"tatsu-column-pad-wrap\"><div class=\"tatsu-column-pad\" ><div  class=\"tatsu-module tatsu-icon-group tatsu-fqp3id3gndp21tr  \"  ><style>.tatsu-fqp3id3gndp21tr.tatsu-icon-group{text-align: center;margin: 0px 0px 20px 0px;}<\/style><div  class=\"tatsu-module tatsu-normal-icon tatsu-icon-shortcode align-none tatsu-fqp3id3ldb9coqm4   \"><style>.tatsu-fqp3id3ldb9coqm4 .tatsu-icon:hover{background-color: #af9f66;color: #ffffff ;border-color: #af9f66; }.tatsu-fqp3id3ldb9coqm4 .tatsu-icon{color: #af9f66 ;border-width: 1px;border-color: #af9f66; }.tatsu-fqp3id3ldb9coqm4{border-width: 0px 0px 0px 0px;}<\/style><a href=\"https:\/\/www.instagram.com\/100color\/\"  class=\"tatsu-icon-wrap diamond     \"  aria-label=\"icon-social_instagram\" data-gdpr-atts={}  target=\"_blank\" ><i class=\"tatsu-icon tatsu-custom-icon tatsu-custom-icon-class icon-social_instagram small diamond\"  data-animation=\"none\" data-animation-delay=\"0\"><\/i><\/a><\/div><div  class=\"tatsu-module tatsu-normal-icon tatsu-icon-shortcode align-none tatsu-BkXNWekyF   \"><style>.tatsu-BkXNWekyF .tatsu-icon:hover{background-color: #af9f66;color: #ffffff ;border-color: #af9f66; }.tatsu-BkXNWekyF .tatsu-icon{color: #af9f66 ;border-width: 1px;border-color: #af9f66; }.tatsu-BkXNWekyF{border-width: 0px 0px 0px 0px;}<\/style><a href=\"https:\/\/www.linkedin.com\/company\/100-color-grading\/\"  class=\"tatsu-icon-wrap diamond     \"  aria-label=\"icon-social_linkedin\" data-gdpr-atts={}  target=\"_blank\" ><i class=\"tatsu-icon tatsu-custom-icon tatsu-custom-icon-class icon-social_linkedin small diamond\"  data-animation=\"none\" data-animation-delay=\"0\"><\/i><\/a><\/div><\/div><div  class=\"tatsu-module tatsu-text-block-wrap tatsu-HkpE6jp0d  \"><div class=\"tatsu-text-inner tatsu-align-center  clearfix\" ><style>.tatsu-HkpE6jp0d.tatsu-text-block-wrap .tatsu-text-inner{width: 100%;text-align: center;}<\/style>\n<p><a href=\"mailto:etalonajemistika@gmail.com\"><span style=\"font-size: 24px;\">etalonajemistika@gmail.com<\/span><\/a><\/p>\n<\/div><\/div><\/div><\/div><div class = \"tatsu-column-bg-image-wrap\"><div class = \"tatsu-column-bg-image\" ><\/div><\/div><\/div><style>.tatsu-row > .tatsu-fqoy1iatus8wglu8.tatsu-column{width: 50%;}.tatsu-fqoy1iatus8wglu8.tatsu-column > .tatsu-column-inner > .tatsu-column-overlay{mix-blend-mode: none;}.tatsu-fqoy1iatus8wglu8 > .tatsu-column-inner > .tatsu-top-divider{z-index: 9999;}.tatsu-fqoy1iatus8wglu8 > .tatsu-column-inner > .tatsu-bottom-divider{z-index: 9999;}.tatsu-fqoy1iatus8wglu8 > .tatsu-column-inner > .tatsu-left-divider{z-index: 9999;}.tatsu-fqoy1iatus8wglu8 > .tatsu-column-inner > .tatsu-right-divider{z-index: 9999;}@media only screen and (max-width: 767px) {.tatsu-row > .tatsu-fqoy1iatus8wglu8.tatsu-column{width: 100%;}}<\/style><\/div><div  class=\"tatsu-column  tatsu-column-no-bg tatsu-one-fourth tatsu-column-image-none tatsu-column-effect-none  tatsu-fqoy1iatxax5f3y\"  data-parallax-speed=\"0\" style=\"\"><div class=\"tatsu-column-inner \" ><div class=\"tatsu-column-pad-wrap\"><div class=\"tatsu-column-pad\" ><div  class=\"tatsu-empty-space  tatsu-fqoy1iatxh7zx5ul  \" ><style>.tatsu-fqoy1iatxh7zx5ul.tatsu-empty-space{height: 1px;}<\/style><\/div><\/div><\/div><div class = \"tatsu-column-bg-image-wrap\"><div class = \"tatsu-column-bg-image\" ><\/div><\/div><\/div><style>.tatsu-row > .tatsu-fqoy1iatxax5f3y.tatsu-column{width: 25%;}.tatsu-fqoy1iatxax5f3y.tatsu-column > .tatsu-column-inner > .tatsu-column-overlay{mix-blend-mode: none;}.tatsu-fqoy1iatxax5f3y > .tatsu-column-inner > .tatsu-top-divider{z-index: 9999;}.tatsu-fqoy1iatxax5f3y > .tatsu-column-inner > .tatsu-bottom-divider{z-index: 9999;}.tatsu-fqoy1iatxax5f3y > .tatsu-column-inner > .tatsu-left-divider{z-index: 9999;}.tatsu-fqoy1iatxax5f3y > .tatsu-column-inner > .tatsu-right-divider{z-index: 9999;}@media only screen and (max-width: 767px) {.tatsu-row > .tatsu-fqoy1iatxax5f3y.tatsu-column{width: 100%;}}<\/style><\/div><\/div><\/div><div class=\"tatsu-row-wrap  tatsu-wrap tatsu-row-has-one-half tatsu-row-has-three-cols tatsu-medium-gutter tatsu-reg-cols  tatsu-clearfix tatsu-fqoy1iau03160p1k\" ><div  class=\"tatsu-row \" ><div  class=\"tatsu-column  tatsu-column-no-bg tatsu-one-fourth tatsu-column-image-none tatsu-column-effect-none  tatsu-fqoy1iau0afhtltm\"  data-parallax-speed=\"0\" style=\"\"><div class=\"tatsu-column-inner \" ><div class=\"tatsu-column-pad-wrap\"><div class=\"tatsu-column-pad\" ><div  class=\"tatsu-empty-space  tatsu-fqoy1iau0fd6jbtf  \" ><style>.tatsu-fqoy1iau0fd6jbtf.tatsu-empty-space{height: 1px;}<\/style><\/div><\/div><\/div><div class = \"tatsu-column-bg-image-wrap\"><div class = \"tatsu-column-bg-image\" ><\/div><\/div><\/div><style>.tatsu-row > .tatsu-fqoy1iau0afhtltm.tatsu-column{width: 25%;}.tatsu-fqoy1iau0afhtltm.tatsu-column > .tatsu-column-inner > .tatsu-column-overlay{mix-blend-mode: none;}.tatsu-fqoy1iau0afhtltm > .tatsu-column-inner > .tatsu-top-divider{z-index: 9999;}.tatsu-fqoy1iau0afhtltm > .tatsu-column-inner > .tatsu-bottom-divider{z-index: 9999;}.tatsu-fqoy1iau0afhtltm > .tatsu-column-inner > .tatsu-left-divider{z-index: 9999;}.tatsu-fqoy1iau0afhtltm > .tatsu-column-inner > .tatsu-right-divider{z-index: 9999;}@media only screen and (max-width: 767px) {.tatsu-row > .tatsu-fqoy1iau0afhtltm.tatsu-column{width: 100%;}}<\/style><\/div><div  class=\"tatsu-column  tatsu-column-no-bg tatsu-one-half tatsu-column-image-none tatsu-column-effect-none  tatsu-fqoy1iau2oy9hdw\"  data-parallax-speed=\"0\" style=\"\"><div class=\"tatsu-column-inner \" ><div class=\"tatsu-column-pad-wrap\"><div class=\"tatsu-column-pad\" ><div  class=\"contact_form contact_form_module oshine-module style1 style1-input tatsu-fqoy1iau2uaiv07e   \"  data-consent-error = \"Please check the consent box, in order for us to process this form\">\n\t\t\t\t\t\t<form method=\"post\" class=\"contact\">\n\t\t\t\t\t\t\t<fieldset class=\"field_name contact_fieldset\">\n\t\t\t\t\t\t\t\t<input type=\"text\" name=\"contact_name\" class=\"txt autoclear\" placeholder=\"Nombre\" style=\"border-width:2px\" \/>\n\t\t\t\t\t\t\t<\/fieldset>\n\t\t\t\t\t\t\t<fieldset class=\"field_email contact_fieldset\">\n\t\t\t\t\t\t\t\t<input type=\"text\" name=\"contact_email\" class=\"txt autoclear\" placeholder=\"Email\" style=\"border-width:2px\" \/>\n\t\t\t\t\t\t\t<\/fieldset><fieldset class=\"field_subject contact_fieldset\">\n\t\t\t\t\t\t\t\t<input type=\"text\" name=\"contact_subject\" class=\"txt autoclear\" placeholder=\"Asunto\" style=\"border-width:2px\" \/>\n\t\t\t\t\t\t<\/fieldset><fieldset class=\"field_comment contact_fieldset\">\n\t\t\t\t\t\t\t\t<textarea name=\"contact_comment\" class=\"txt_area autoclear\" placeholder=\"Mensaje\" style=\"border-width:2px\" ><\/textarea>\n\t\t\t\t\t\t\t<\/fieldset><fieldset class=\"field_consent contact_fieldset\">\n\t\t\t\t\t\t\t<input type=\"checkbox\" name=\"contact_consent\" class=\"consent-checkbox\" placeholder=\"Asunto\" style=\"border-width:2px\" \/>\n\t\t\t\t\t\t\t<span class=\"consent-message\">Confirmo haber le\u00eddo y estar de acuerdo con la <a href=\"https:\/\/colorgrading.es\/politica-privacidad\/\" target=\"_blank\">pol\u00edtica de privacidad<\/a>.<\/span>\n\t\t\t\t\t\t\t<\/fieldset><fieldset class=\"contact_fieldset submit-fieldset\">\n\t\t\t\t\t\t\t\t<input type = \"hidden\" name = \"contact_style\" value = \"style1\"\/> \n\t\t\t\t\t\t\t\t<input type=\"hidden\" name=\"oshine_nonce\" value=\"2688c874f6\" \/>\n\t\t\t\t\t\t\t\t<input type=\"submit\" name=\"contact_submit\" value=\"Submit\" class=\"contact_submit tatsu-button rounded mediumbtn\" \/>\n\t\t\t\t\t\t\t\t<div class=\"contact_loader\"><div class=\"font-icon loader-style4-wrap loader-icon\"><\/div><\/div>\n\t\t\t\t\t\t\t<\/fieldset><div class=\"contact_status tatsu-notification\"><\/div>\n\t\t\t\t\t\t<\/form><style>.tatsu-fqoy1iau2uaiv07e input[type=\"text\"], .tatsu-fqoy1iau2uaiv07e textarea{background-color: transparent;color: #757575 ;border-color: #666666; }.tatsu-fqoy1iau2uaiv07e input[type=\"text\"]{height: 40px;}.tatsu-fqoy1iau2uaiv07e .contact_submit{background-color: #af9f66;color: #ffffff ;}<\/style>\n\t\t\t\t\t<\/div><\/div><\/div><div class = \"tatsu-column-bg-image-wrap\"><div class = \"tatsu-column-bg-image\" ><\/div><\/div><\/div><style>.tatsu-row > .tatsu-fqoy1iau2oy9hdw.tatsu-column{width: 50%;}.tatsu-fqoy1iau2oy9hdw.tatsu-column > .tatsu-column-inner > .tatsu-column-overlay{mix-blend-mode: none;}.tatsu-fqoy1iau2oy9hdw > .tatsu-column-inner > .tatsu-top-divider{z-index: 9999;}.tatsu-fqoy1iau2oy9hdw > .tatsu-column-inner > .tatsu-bottom-divider{z-index: 9999;}.tatsu-fqoy1iau2oy9hdw > .tatsu-column-inner > .tatsu-left-divider{z-index: 9999;}.tatsu-fqoy1iau2oy9hdw > .tatsu-column-inner > .tatsu-right-divider{z-index: 9999;}@media only screen and (max-width: 767px) {.tatsu-row > .tatsu-fqoy1iau2oy9hdw.tatsu-column{width: 100%;}}<\/style><\/div><div  class=\"tatsu-column  tatsu-column-no-bg tatsu-one-fourth tatsu-column-image-none tatsu-column-effect-none  tatsu-fqoy1iau5c8rwykt\"  data-parallax-speed=\"0\" style=\"\"><div class=\"tatsu-column-inner \" ><div class=\"tatsu-column-pad-wrap\"><div class=\"tatsu-column-pad\" ><div  class=\"tatsu-empty-space  tatsu-fqoy1iau5i2kn2xq  \" ><style>.tatsu-fqoy1iau5i2kn2xq.tatsu-empty-space{height: 1px;}<\/style><\/div><\/div><\/div><div class = \"tatsu-column-bg-image-wrap\"><div class = \"tatsu-column-bg-image\" ><\/div><\/div><\/div><style>.tatsu-row > .tatsu-fqoy1iau5c8rwykt.tatsu-column{width: 25%;}.tatsu-fqoy1iau5c8rwykt.tatsu-column > .tatsu-column-inner > .tatsu-column-overlay{mix-blend-mode: none;}.tatsu-fqoy1iau5c8rwykt > .tatsu-column-inner > .tatsu-top-divider{z-index: 9999;}.tatsu-fqoy1iau5c8rwykt > .tatsu-column-inner > .tatsu-bottom-divider{z-index: 9999;}.tatsu-fqoy1iau5c8rwykt > .tatsu-column-inner > .tatsu-left-divider{z-index: 9999;}.tatsu-fqoy1iau5c8rwykt > .tatsu-column-inner > .tatsu-right-divider{z-index: 9999;}@media only screen and (max-width: 767px) {.tatsu-row > .tatsu-fqoy1iau5c8rwykt.tatsu-column{width: 100%;}}<\/style><\/div><\/div><\/div><\/div><div class=\"tatsu-section-background-wrap\"><div class = \"tatsu-section-background\" ><\/div><\/div><style>.tatsu-fqoy1iatkodwge1b.tatsu-section{background-color: #161616;}.tatsu-fqoy1iatkodwge1b{border-width: 0px 0px px 0px;border-style: solid;}.tatsu-fqoy1iatkodwge1b .tatsu-section-pad{padding: 50px 0% 50px 0%;}.tatsu-fqoy1iatkodwge1b > .tatsu-bottom-divider{z-index: 9999;}.tatsu-fqoy1iatkodwge1b > .tatsu-top-divider{z-index: 9999;}<\/style><\/div>\n","protected":false},"excerpt":{"rendered":"<p><a href=\"https:\/\/colorgrading.es\/es\/contacto\/\" class=\"more-link style1-button\">Read More<\/a><\/p>","protected":false},"author":2,"featured_media":0,"parent":0,"menu_order":0,"comment_status":"open","ping_status":"closed","template":"","meta":{"footnotes":""},"class_list":["post-5201","page","type-page","status-publish","hentry"],"yoast_head":"<!-- This site is optimized with the Yoast SEO plugin v27.4 - https:\/\/yoast.com\/product\/yoast-seo-wordpress\/ -->\n<title>Contacto - 100% Color Grading<\/title>\n<meta name=\"robots\" content=\"index, follow, max-snippet:-1, max-image-preview:large, max-video-preview:-1\" \/>\n<link rel=\"canonical\" href=\"https:\/\/colorgrading.es\/contact\/\" \/>\n<meta property=\"og:locale\" content=\"es_ES\" \/>\n<meta property=\"og:type\" content=\"article\" \/>\n<meta property=\"og:title\" content=\"Contacto - 100% Color Grading\" \/>\n<meta property=\"og:url\" content=\"https:\/\/colorgrading.es\/contact\/\" \/>\n<meta property=\"og:site_name\" content=\"100% Color Grading\" \/>\n<meta property=\"article:modified_time\" content=\"2025-05-24T08:52:34+00:00\" \/>\n<meta name=\"twitter:card\" content=\"summary_large_image\" \/>\n<meta name=\"twitter:label1\" content=\"Tiempo de lectura\" \/>\n\t<meta name=\"twitter:data1\" content=\"8 minutos\" \/>\n<script type=\"application\/ld+json\" class=\"yoast-schema-graph\">{\"@context\":\"https:\\\/\\\/schema.org\",\"@graph\":[{\"@type\":\"WebPage\",\"@id\":\"https:\\\/\\\/colorgrading.es\\\/contact\\\/\",\"url\":\"https:\\\/\\\/colorgrading.es\\\/contact\\\/\",\"name\":\"Contacto - 100% Color Grading\",\"isPartOf\":{\"@id\":\"https:\\\/\\\/colorgrading.es\\\/#website\"},\"datePublished\":\"2014-11-04T03:23:45+00:00\",\"dateModified\":\"2025-05-24T08:52:34+00:00\",\"breadcrumb\":{\"@id\":\"https:\\\/\\\/colorgrading.es\\\/contact\\\/#breadcrumb\"},\"inLanguage\":\"es\",\"potentialAction\":[{\"@type\":\"ReadAction\",\"target\":[\"https:\\\/\\\/colorgrading.es\\\/contact\\\/\"]}]},{\"@type\":\"BreadcrumbList\",\"@id\":\"https:\\\/\\\/colorgrading.es\\\/contact\\\/#breadcrumb\",\"itemListElement\":[{\"@type\":\"ListItem\",\"position\":1,\"name\":\"Portada\",\"item\":\"https:\\\/\\\/colorgrading.es\\\/es\\\/\"},{\"@type\":\"ListItem\",\"position\":2,\"name\":\"Contacto\"}]},{\"@type\":\"WebSite\",\"@id\":\"https:\\\/\\\/colorgrading.es\\\/#website\",\"url\":\"https:\\\/\\\/colorgrading.es\\\/\",\"name\":\"100% Color Grading\",\"description\":\"Etalonaje profesional con solucion Mistika-SGO y Davinci Resolve\",\"publisher\":{\"@id\":\"https:\\\/\\\/colorgrading.es\\\/#organization\"},\"potentialAction\":[{\"@type\":\"SearchAction\",\"target\":{\"@type\":\"EntryPoint\",\"urlTemplate\":\"https:\\\/\\\/colorgrading.es\\\/?s={search_term_string}\"},\"query-input\":{\"@type\":\"PropertyValueSpecification\",\"valueRequired\":true,\"valueName\":\"search_term_string\"}}],\"inLanguage\":\"es\"},{\"@type\":\"Organization\",\"@id\":\"https:\\\/\\\/colorgrading.es\\\/#organization\",\"name\":\"ColorGrading.es\",\"url\":\"https:\\\/\\\/colorgrading.es\\\/\",\"logo\":{\"@type\":\"ImageObject\",\"inLanguage\":\"es\",\"@id\":\"https:\\\/\\\/colorgrading.es\\\/#\\\/schema\\\/logo\\\/image\\\/\",\"url\":\"https:\\\/\\\/colorgrading.es\\\/wp-content\\\/uploads\\\/2021\\\/07\\\/logo-colorgrading-n.png\",\"contentUrl\":\"https:\\\/\\\/colorgrading.es\\\/wp-content\\\/uploads\\\/2021\\\/07\\\/logo-colorgrading-n.png\",\"width\":280,\"height\":67,\"caption\":\"ColorGrading.es\"},\"image\":{\"@id\":\"https:\\\/\\\/colorgrading.es\\\/#\\\/schema\\\/logo\\\/image\\\/\"},\"sameAs\":[\"https:\\\/\\\/www.instagram.com\\\/100color\\\/\",\"https:\\\/\\\/www.linkedin.com\\\/company\\\/76876134\\\/admin\\\/\"]}]}<\/script>\n<!-- \/ Yoast SEO plugin. -->","yoast_head_json":{"title":"Contacto - 100% Color Grading","robots":{"index":"index","follow":"follow","max-snippet":"max-snippet:-1","max-image-preview":"max-image-preview:large","max-video-preview":"max-video-preview:-1"},"canonical":"https:\/\/colorgrading.es\/contact\/","og_locale":"es_ES","og_type":"article","og_title":"Contacto - 100% Color Grading","og_url":"https:\/\/colorgrading.es\/contact\/","og_site_name":"100% Color Grading","article_modified_time":"2025-05-24T08:52:34+00:00","twitter_card":"summary_large_image","twitter_misc":{"Tiempo de lectura":"8 minutos"},"schema":{"@context":"https:\/\/schema.org","@graph":[{"@type":"WebPage","@id":"https:\/\/colorgrading.es\/contact\/","url":"https:\/\/colorgrading.es\/contact\/","name":"Contacto - 100% Color Grading","isPartOf":{"@id":"https:\/\/colorgrading.es\/#website"},"datePublished":"2014-11-04T03:23:45+00:00","dateModified":"2025-05-24T08:52:34+00:00","breadcrumb":{"@id":"https:\/\/colorgrading.es\/contact\/#breadcrumb"},"inLanguage":"es","potentialAction":[{"@type":"ReadAction","target":["https:\/\/colorgrading.es\/contact\/"]}]},{"@type":"BreadcrumbList","@id":"https:\/\/colorgrading.es\/contact\/#breadcrumb","itemListElement":[{"@type":"ListItem","position":1,"name":"Portada","item":"https:\/\/colorgrading.es\/es\/"},{"@type":"ListItem","position":2,"name":"Contacto"}]},{"@type":"WebSite","@id":"https:\/\/colorgrading.es\/#website","url":"https:\/\/colorgrading.es\/","name":"100% Color Grading","description":"Etalonaje profesional con solucion Mistika-SGO y Davinci Resolve","publisher":{"@id":"https:\/\/colorgrading.es\/#organization"},"potentialAction":[{"@type":"SearchAction","target":{"@type":"EntryPoint","urlTemplate":"https:\/\/colorgrading.es\/?s={search_term_string}"},"query-input":{"@type":"PropertyValueSpecification","valueRequired":true,"valueName":"search_term_string"}}],"inLanguage":"es"},{"@type":"Organization","@id":"https:\/\/colorgrading.es\/#organization","name":"ColorGrading.es","url":"https:\/\/colorgrading.es\/","logo":{"@type":"ImageObject","inLanguage":"es","@id":"https:\/\/colorgrading.es\/#\/schema\/logo\/image\/","url":"https:\/\/colorgrading.es\/wp-content\/uploads\/2021\/07\/logo-colorgrading-n.png","contentUrl":"https:\/\/colorgrading.es\/wp-content\/uploads\/2021\/07\/logo-colorgrading-n.png","width":280,"height":67,"caption":"ColorGrading.es"},"image":{"@id":"https:\/\/colorgrading.es\/#\/schema\/logo\/image\/"},"sameAs":["https:\/\/www.instagram.com\/100color\/","https:\/\/www.linkedin.com\/company\/76876134\/admin\/"]}]}},"_links":{"self":[{"href":"https:\/\/colorgrading.es\/es\/wp-json\/wp\/v2\/pages\/5201","targetHints":{"allow":["GET"]}}],"collection":[{"href":"https:\/\/colorgrading.es\/es\/wp-json\/wp\/v2\/pages"}],"about":[{"href":"https:\/\/colorgrading.es\/es\/wp-json\/wp\/v2\/types\/page"}],"author":[{"embeddable":true,"href":"https:\/\/colorgrading.es\/es\/wp-json\/wp\/v2\/users\/2"}],"replies":[{"embeddable":true,"href":"https:\/\/colorgrading.es\/es\/wp-json\/wp\/v2\/comments?post=5201"}],"version-history":[{"count":4,"href":"https:\/\/colorgrading.es\/es\/wp-json\/wp\/v2\/pages\/5201\/revisions"}],"predecessor-version":[{"id":5206,"href":"https:\/\/colorgrading.es\/es\/wp-json\/wp\/v2\/pages\/5201\/revisions\/5206"}],"wp:attachment":[{"href":"https:\/\/colorgrading.es\/es\/wp-json\/wp\/v2\/media?parent=5201"}],"curies":[{"name":"wp","href":"https:\/\/api.w.org\/{rel}","templated":true}]}}